{"id":2,"date":"2017-02-24T16:56:15","date_gmt":"2017-02-24T15:56:15","guid":{"rendered":"http:\/\/tablads.com\/?page_id=2"},"modified":"2025-04-16T16:27:10","modified_gmt":"2025-04-16T14:27:10","slug":"beispiel-seite","status":"publish","type":"page","link":"https:\/\/www.tablads.com\/?page_id=2","title":{"rendered":"Impressum"},"content":{"rendered":"<p>[vc_row][vc_column width=&#8221;1\/2&#8243;][vc_column_text css=&#8221;.vc_custom_1489420765962{padding-top: 20px !important;padding-bottom: -20px !important;border-radius: 1px !important;}&#8221;]<strong>Impressum<\/strong><\/p>\n<p><img loading=\"lazy\" class=\"alignnone size-full wp-image-755\" src=\"http:\/\/tablads.com\/wp-content\/uploads\/2017\/02\/logo_commart_grey.png\" alt=\"\" width=\"219\" height=\"41\" \/>[\/vc_column_text]<div \r\n\t        \t\t\t\tclass=\"section_title  animated None\" \r\n\t        \t\t\t\tdata-delay=\"0.2s\"\r\n\t        \t\t\t\t>\r\n                        <div \r\n                        \tstyle=\"color: #5b5b5b;\r\n\t\t\t\t\t\t\tfont-size: 14px;\r\n\t\t\t\t\t\t\ttext-align: left;\r\n\t\t\t\t\t\t\tline-height: 16px;\r\n\t\t\t\t\t\t\tfont-weight: 300;\r\n\t\t\t\t\t\t\t\"\r\n                        ><p>commart \u2013 Agentur f\u00fcr Kommunikation<\/p>\n<p>Kronberger Str. 37D<br \/>\nD-61462 K\u00f6nigstein im Taunus<\/p>\n<p>Telefon: +49 (0) 1702104644<br \/>\nWEB: www.commart.de<br \/>\nE-Mail: info@commart.de<\/p>\n<p>Inhaberin: Aysun Ertan<br \/>\nUSt-ID: DE286019671<br \/>\nFinanzamt Bad Homburg vor der H\u00f6he<br \/>\nHinweis zum Bildmaterial: www.fotolia.com:<\/p>\n<p>\u00a9injenerker, \u00a9HstrongART, \u00a9Viktor, \u00a9kchung, \u00a9CandyBox Images, \u00a9videostudio, \u00a9magraphics, \u00a9treenabeena<\/p>\n<\/div><\/div>[\/vc_column][vc_column width=&#8221;1\/2&#8243; css=&#8221;.vc_custom_1489420377525{background-color: #efefef !important;}&#8221;]<div \r\n\t        \t\t\t\tclass=\"section_title  animated None\" \r\n\t        \t\t\t\tdata-delay=\"0.2s\"\r\n\t        \t\t\t\t>\r\n                        <div \r\n                        \tstyle=\"color: #7c7c7c;\r\n\t\t\t\t\t\t\tfont-size: 11px;\r\n\t\t\t\t\t\t\ttext-align: left;\r\n\t\t\t\t\t\t\tline-height: 12px;\r\n\t\t\t\t\t\t\tfont-weight: 300;\r\n\t\t\t\t\t\t\t\"\r\n                        ><p>DISCLAIMER<\/p>\n<p>1. Haftungsbeschr\u00e4nkung<\/p>\n<p>Die Webseite wurde mit gr\u00f6\u00dftm\u00f6glicher Sorgfalt erstellt. Der Anbieter dieser Webseite \u00fcbernimmt dennoch keine Gew\u00e4hr f\u00fcr die Richtigkeit, Vollst\u00e4ndigkeit und Aktualit\u00e4t der bereitgestellten Inhalte und Informationen. Die Nutzung der Webseiteninhalte erfolgt auf eigene Gefahr. Allein durch die Nutzung der Website kommt keinerlei Vertragsverh\u00e4ltnis zwischen dem Nutzer und dem Anbieter zustande.<\/p>\n<p>2. Verlinkungen<\/p>\n<p>Die Webseite enth\u00e4lt Verlinkungen zu anderen Webseiten (\u201eexterne Links\u201c). Diese Webseiten unterliegen der Haftung der jeweiligen Seitenbetreiber. Bei Verkn\u00fcpfung der externen Links waren keine Rechtsverst\u00f6\u00dfe ersichtlich. Auf die aktuelle und k\u00fcnftige Gestaltung der verlinkten Seiten hat der Anbieter keinen Einfluss. Die permanente \u00dcberpr\u00fcfung der externen Links ist f\u00fcr den Anbieter ohne konkrete Hinweise auf Rechtsverst\u00f6\u00dfe nicht zumutbar. Bei Bekanntwerden von Rechtsverst\u00f6\u00dfen werden die betroffenen externen Links unverz\u00fcglich gel\u00f6scht.<\/p>\n<p>3. Urheberrecht \/ Leistungsschutzrecht<\/p>\n<p>Die auf dieser Webseite durch den Anbieter ver\u00f6ffentlichten Inhalte unterliegen dem deutschen Urheberrecht und Leistungsschutzrecht. Alle vom deutschen Urheber- und Leistungsschutzrecht nicht zugelassene Verwertung bedarf der vorherigen schriftlichen Zustimmung des Anbieters oder jeweiligen Rechteinhabers. Dies gilt vor allem f\u00fcr Vervielf\u00e4ltigung, Bearbeitung, \u00dcbersetzung, Einspeicherung, Verarbeitung bzw. Wiedergabe von Inhalten in Datenbanken oder anderen elektronischen Medien und Systemen. Dabei sind Inhalte und Rechte Dritter als solche gekennzeichnet. Das unerlaubte Kopieren der Webseiteninhalte oder der kompletten Webseite ist nicht gestattet und strafbar. Lediglich die Herstellung von Kopien und Downloads f\u00fcr den pers\u00f6nlichen, privaten und nicht kommerziellen Gebrauch ist erlaubt.<br \/>\nDiese Website darf ohne schriftliche Erlaubnis nicht durch Dritte in Frames oder iFrames dargestellt werden.<\/p>\n<p>4. Datenschutz<\/p>\n<p>Mit dem Besuch dieser Webseite k\u00f6nnen Informationen \u00fcber den Zugriff gespeichert werden. Diese Daten wie Uhrzeit, Datum und die betrachtete Seite geh\u00f6ren nicht zu den personenbezogenen Daten, sondern sind anonymisiert. Diese werden nur aus statistischen Zwecken erfasst. Eine Weitergabe an Dritte, zu kommerziellen oder nichtkommerziellen Zwecken, erfolgt nicht.<br \/>\nDer Anbieter weist ausdr\u00fccklich darauf hin, dass die Daten\u00fcbertragung im Internet (z.B. bei der Kommunikation per E-Mail) Sicherheitsl\u00fccken aufweisen und nicht l\u00fcckenlos vor dem Zugriff durch Dritte gesch\u00fctzt werden kann.<br \/>\nDie Verwendung der Kontaktdaten des Impressums zur gewerblichen Werbung ist ausdr\u00fccklich nicht erw\u00fcnscht, es sei denn der Anbieter hatte zuvor seine schriftliche Einwilligung erteilt oder es besteht bereits eine Gesch\u00e4ftsbeziehung. Der Anbieter und alle auf dieser Website genannten Personen widersprechen hiermit jeder kommerziellen Verwendung und Weitergabe ihrer Daten.<\/p>\n<p>Quelle: Fachanwalt.de<\/p>\n<\/div><\/div>[\/vc_column][\/vc_row]<\/p>\n","protected":false},"excerpt":{"rendered":"<p>[vc_row][vc_column width=&#8221;1\/2&#8243;][vc_column_text css=&#8221;.vc_custom_1489420765962{padding-top: 20px !important;padding-bottom: -20px !important;border-radius: 1px !important;}&#8221;]Impressum [\/vc_column_text][\/vc_column][vc_column width=&#8221;1\/2&#8243; css=&#8221;.vc_custom_1489420377525{background-color: #efefef !important;}&#8221;][\/vc_column][\/vc_row]<\/p>\n","protected":false},"author":1,"featured_media":0,"parent":0,"menu_order":0,"comment_status":"closed","ping_status":"open","template":"template-home.php","meta":[],"_links":{"self":[{"href":"https:\/\/www.tablads.com\/index.php?rest_route=\/wp\/v2\/pages\/2"}],"collection":[{"href":"https:\/\/www.tablads.com\/index.php?rest_route=\/wp\/v2\/pages"}],"about":[{"href":"https:\/\/www.tablads.com\/index.php?rest_route=\/wp\/v2\/types\/page"}],"author":[{"embeddable":true,"href":"https:\/\/www.tablads.com\/index.php?rest_route=\/wp\/v2\/users\/1"}],"replies":[{"embeddable":true,"href":"https:\/\/www.tablads.com\/index.php?rest_route=%2Fwp%2Fv2%2Fcomments&post=2"}],"version-history":[{"count":23,"href":"https:\/\/www.tablads.com\/index.php?rest_route=\/wp\/v2\/pages\/2\/revisions"}],"predecessor-version":[{"id":945,"href":"https:\/\/www.tablads.com\/index.php?rest_route=\/wp\/v2\/pages\/2\/revisions\/945"}],"wp:attachment":[{"href":"https:\/\/www.tablads.com\/index.php?rest_route=%2Fwp%2Fv2%2Fmedia&parent=2"}],"curies":[{"name":"wp","href":"https:\/\/api.w.org\/{rel}","templated":true}]}}